{"id":18,"date":"2023-08-07T07:02:04","date_gmt":"2023-08-07T07:02:04","guid":{"rendered":"http:\/\/www.lebendiger-minoritenplatz.de\/?page_id=18"},"modified":"2023-08-22T14:01:28","modified_gmt":"2023-08-22T14:01:28","slug":"newsletter","status":"publish","type":"page","link":"https:\/\/www.lebendiger-minoritenplatz.de\/?page_id=18","title":{"rendered":"Newsletter"},"content":{"rendered":"<div id=\"pl-18\"  class=\"panel-layout\" >\n<div id=\"pg-18-0\"  class=\"panel-grid panel-no-style\" >\n<div id=\"pgc-18-0-0\"  class=\"panel-grid-cell\"  data-weight=\"1\" >\n<div id=\"panel-18-0-0-0\" class=\"so-panel widget widget_sow-editor panel-first-child\" data-index=\"0\" data-style=\"{&quot;background_image_attachment&quot;:false,&quot;background_display&quot;:&quot;tile&quot;,&quot;background_image_size&quot;:&quot;full&quot;,&quot;border_thickness&quot;:&quot;1px&quot;}\" >\n<div\n\t\t\t\n\t\t\tclass=\"so-widget-sow-editor so-widget-sow-editor-base\"\n\t\t\t\n\t\t><\/p>\n<div class=\"siteorigin-widget-tinymce textwidget\">\n<h2><img loading=\"lazy\" decoding=\"async\" class=\"alignnone size-medium wp-image-530 aligncenter\" src=\"http:\/\/www.lebendiger-minoritenplatz.de\/wp-content\/uploads\/2023\/08\/newsletter-528456_1280-1-300x200.jpg\" alt=\"\" width=\"300\" height=\"200\" srcset=\"https:\/\/www.lebendiger-minoritenplatz.de\/wp-content\/uploads\/2023\/08\/newsletter-528456_1280-1-300x200.jpg 300w, https:\/\/www.lebendiger-minoritenplatz.de\/wp-content\/uploads\/2023\/08\/newsletter-528456_1280-1-1024x682.jpg 1024w, https:\/\/www.lebendiger-minoritenplatz.de\/wp-content\/uploads\/2023\/08\/newsletter-528456_1280-1-768x511.jpg 768w, https:\/\/www.lebendiger-minoritenplatz.de\/wp-content\/uploads\/2023\/08\/newsletter-528456_1280-1-272x182.jpg 272w, https:\/\/www.lebendiger-minoritenplatz.de\/wp-content\/uploads\/2023\/08\/newsletter-528456_1280-1.jpg 1280w\" sizes=\"auto, (max-width: 300px) 100vw, 300px\" \/><\/h2>\n<h3>Hier informieren wir in unregelm\u00e4\u00dfigen Abst\u00e4nden \u00fcber anstehende Veranstaltungen und Termine. Wenn Sie auf dem neuesten Stand bleiben m\u00f6chten, abonnieren Sie bitte unseren Newsletter.<\/h3>\n<\/div>\n<\/div>\n<\/div>\n<div id=\"panel-18-0-0-1\" class=\"so-panel widget widget_sow-editor panel-last-child\" data-index=\"1\" data-style=\"{&quot;background&quot;:&quot;#d1d1d1&quot;,&quot;background_image_attachment&quot;:false,&quot;background_display&quot;:&quot;tile&quot;,&quot;background_image_size&quot;:&quot;full&quot;,&quot;border_thickness&quot;:&quot;1px&quot;,&quot;font_color&quot;:&quot;#000000&quot;}\" >\n<div class=\"panel-widget-style panel-widget-style-for-18-0-0-1\" >\n<div\n\t\t\t\n\t\t\tclass=\"so-widget-sow-editor so-widget-sow-editor-base\"\n\t\t\t\n\t\t><\/p>\n<div class=\"siteorigin-widget-tinymce textwidget\">\n<div class=\"tnp tnp-subscription \">\n<form method=\"post\" action=\"https:\/\/www.lebendiger-minoritenplatz.de\/wp-admin\/admin-ajax.php?action=tnp&amp;na=s\">\n<input type=\"hidden\" name=\"nlang\" value=\"\">\n<div class=\"tnp-field tnp-field-firstname\"><label for=\"tnp-1\">Vorname<\/label>\n<input class=\"tnp-name\" type=\"text\" name=\"nn\" id=\"tnp-1\" value=\"\" placeholder=\"\" required><\/div>\n<div class=\"tnp-field tnp-field-surname\"><label for=\"tnp-2\">Nachname<\/label>\n<input class=\"tnp-surname\" type=\"text\" name=\"ns\" id=\"tnp-2\" value=\"\" placeholder=\"\" required><\/div><div class=\"tnp-field tnp-field-email\"><label for=\"tnp-3\">E-Mail-Adresse<\/label>\n<input class=\"tnp-email\" type=\"email\" name=\"ne\" id=\"tnp-3\" value=\"\" placeholder=\"\" required><\/div>\n<div class=\"tnp-field tnp-privacy-field\"><label><input type=\"checkbox\" name=\"ny\" required class=\"tnp-privacy\"> Hiermit akzeptiere ich die Datenschutzbestimmungen<\/label><\/div><div class=\"tnp-field tnp-field-button\" style=\"text-align: left\"><input class=\"tnp-submit\" type=\"submit\" value=\"Abonnieren\" style=\"\">\n<\/div>\n<\/form>\n<\/div>\n\n<\/div>\n<\/div>\n<\/div>\n<\/div>\n<\/div>\n<\/div>\n<\/div>\n","protected":false},"excerpt":{"rendered":"<p>Hier informieren wir in unregelm\u00e4\u00dfigen Abst\u00e4nden \u00fcber anstehende Veranstaltungen und Termine. Wenn Sie auf dem neuesten Stand bleiben m\u00f6chten, abonnieren Sie bitte unseren Newsletter.<\/p>\n","protected":false},"author":1,"featured_media":0,"parent":0,"menu_order":0,"comment_status":"closed","ping_status":"closed","template":"","meta":{"_crdt_document":"","footnotes":""},"class_list":["post-18","page","type-page","status-publish","hentry","post"],"_links":{"self":[{"href":"https:\/\/www.lebendiger-minoritenplatz.de\/index.php?rest_route=\/wp\/v2\/pages\/18","targetHints":{"allow":["GET"]}}],"collection":[{"href":"https:\/\/www.lebendiger-minoritenplatz.de\/index.php?rest_route=\/wp\/v2\/pages"}],"about":[{"href":"https:\/\/www.lebendiger-minoritenplatz.de\/index.php?rest_route=\/wp\/v2\/types\/page"}],"author":[{"embeddable":true,"href":"https:\/\/www.lebendiger-minoritenplatz.de\/index.php?rest_route=\/wp\/v2\/users\/1"}],"replies":[{"embeddable":true,"href":"https:\/\/www.lebendiger-minoritenplatz.de\/index.php?rest_route=%2Fwp%2Fv2%2Fcomments&post=18"}],"version-history":[{"count":10,"href":"https:\/\/www.lebendiger-minoritenplatz.de\/index.php?rest_route=\/wp\/v2\/pages\/18\/revisions"}],"predecessor-version":[{"id":568,"href":"https:\/\/www.lebendiger-minoritenplatz.de\/index.php?rest_route=\/wp\/v2\/pages\/18\/revisions\/568"}],"wp:attachment":[{"href":"https:\/\/www.lebendiger-minoritenplatz.de\/index.php?rest_route=%2Fwp%2Fv2%2Fmedia&parent=18"}],"curies":[{"name":"wp","href":"https:\/\/api.w.org\/{rel}","templated":true}]}}