{"id":244,"date":"2023-10-30T09:48:03","date_gmt":"2023-10-30T09:48:03","guid":{"rendered":"http:\/\/www.lebendiger-minoritenplatz.de\/?page_id=244"},"modified":"2026-01-27T11:36:27","modified_gmt":"2026-01-27T11:36:27","slug":"adventssingen","status":"publish","type":"page","link":"http:\/\/www.lebendiger-minoritenplatz.de\/?page_id=244","title":{"rendered":"Adventssingen"},"content":{"rendered":"<div id=\"pl-244\"  class=\"panel-layout\" ><div id=\"pg-244-0\"  class=\"panel-grid panel-no-style\" ><div id=\"pgc-244-0-0\"  class=\"panel-grid-cell\" ><div id=\"panel-244-0-0-0\" class=\"so-panel widget widget_sow-editor panel-first-child panel-last-child\" data-index=\"0\" ><div\n\t\t\t\n\t\t\tclass=\"so-widget-sow-editor so-widget-sow-editor-base\"\n\t\t\t\n\t\t>\n<div class=\"siteorigin-widget-tinymce textwidget\">\n\t<p style=\"text-align: center;\"><img loading=\"lazy\" decoding=\"async\" class=\"alignnone size-medium wp-image-73\" src=\"http:\/\/www.lebendiger-minoritenplatz.de\/wp-content\/uploads\/2023\/08\/22-10-28_Plakat-Adventssingen_BB_V1_high-212x300.jpg\" alt=\"\" width=\"212\" height=\"300\" srcset=\"http:\/\/www.lebendiger-minoritenplatz.de\/wp-content\/uploads\/2023\/08\/22-10-28_Plakat-Adventssingen_BB_V1_high-212x300.jpg 212w, http:\/\/www.lebendiger-minoritenplatz.de\/wp-content\/uploads\/2023\/08\/22-10-28_Plakat-Adventssingen_BB_V1_high-724x1024.jpg 724w, http:\/\/www.lebendiger-minoritenplatz.de\/wp-content\/uploads\/2023\/08\/22-10-28_Plakat-Adventssingen_BB_V1_high-768x1086.jpg 768w, http:\/\/www.lebendiger-minoritenplatz.de\/wp-content\/uploads\/2023\/08\/22-10-28_Plakat-Adventssingen_BB_V1_high-1086x1536.jpg 1086w, http:\/\/www.lebendiger-minoritenplatz.de\/wp-content\/uploads\/2023\/08\/22-10-28_Plakat-Adventssingen_BB_V1_high-1448x2048.jpg 1448w, http:\/\/www.lebendiger-minoritenplatz.de\/wp-content\/uploads\/2023\/08\/22-10-28_Plakat-Adventssingen_BB_V1_high-scaled.jpg 1810w\" sizes=\"auto, (max-width: 212px) 100vw, 212px\" \/><\/p>\n<h2><span style=\"color: #009999;\"><em><strong>Das \u201eNeersener Adventssingen\u201c<\/strong><\/em><\/span><\/h2>\n<p>Das <strong>Neersener Adventssingen<\/strong> ist ein gemeinwohlorientiertes Angebot der B\u00fcrgerinitiative \u201eLebendiger Minoritenplatz\u201c e.V. und findet jedes Jahr am <strong>2. Adventssonntag<\/strong> auf dem Minoritenplatz statt.<\/p>\n<p>Gemeinsam singen wir bekannte, fr\u00f6hliche und besinnliche Weihnachtslieder und pflegen damit ein wichtiges <strong>lokales Brauchtum<\/strong>, das Menschen zusammenbringt und Gemeinschaft erlebbar macht. F\u00fcr gesangliche Unterst\u00fctzung und <strong>w\u00e4rmende Getr\u00e4nke<\/strong> ist gesorgt.<\/p>\n<p>Gerade in der oft hektischen und f\u00fcr manche Menschen auch einsamen Vorweihnachtszeit schafft das Adventssingen einen offenen Raum f\u00fcr Begegnung, Austausch und Zusammenhalt \u2013 unabh\u00e4ngig von Alter, Herkunft oder Lebenssituation.<\/p>\n<p style=\"text-align: center;\">\u00a0F\u00fcr die Textsicherheit sorgen Liederhefte, die allen Besuchern zur Verf\u00fcgung stehen und auch per QR-Code aufs Smartphone geladen werden k\u00f6nnen.<\/p>\n<\/div>\n<\/div><\/div><\/div><\/div><\/div>","protected":false},"excerpt":{"rendered":"<p>Das \u201eNeersener Adventssingen\u201c Das Neersener Adventssingen ist ein gemeinwohlorientiertes Angebot der B\u00fcrgerinitiative \u201eLebendiger Minoritenplatz\u201c e.V. und findet jedes Jahr am 2. Adventssonntag auf dem Minoritenplatz statt. Gemeinsam singen wir bekannte, fr\u00f6hliche und besinnliche Weihnachtslieder und pflegen damit ein wichtiges lokales Brauchtum, das Menschen zusammenbringt und Gemeinschaft erlebbar macht. F\u00fcr gesangliche Unterst\u00fctzung und w\u00e4rmende Getr\u00e4nke ist [&hellip;]<\/p>\n","protected":false},"author":1,"featured_media":0,"parent":0,"menu_order":0,"comment_status":"closed","ping_status":"closed","template":"","meta":{"_crdt_document":"","footnotes":""},"class_list":["post-244","page","type-page","status-publish","hentry","post"],"_links":{"self":[{"href":"http:\/\/www.lebendiger-minoritenplatz.de\/index.php?rest_route=\/wp\/v2\/pages\/244","targetHints":{"allow":["GET"]}}],"collection":[{"href":"http:\/\/www.lebendiger-minoritenplatz.de\/index.php?rest_route=\/wp\/v2\/pages"}],"about":[{"href":"http:\/\/www.lebendiger-minoritenplatz.de\/index.php?rest_route=\/wp\/v2\/types\/page"}],"author":[{"embeddable":true,"href":"http:\/\/www.lebendiger-minoritenplatz.de\/index.php?rest_route=\/wp\/v2\/users\/1"}],"replies":[{"embeddable":true,"href":"http:\/\/www.lebendiger-minoritenplatz.de\/index.php?rest_route=%2Fwp%2Fv2%2Fcomments&post=244"}],"version-history":[{"count":37,"href":"http:\/\/www.lebendiger-minoritenplatz.de\/index.php?rest_route=\/wp\/v2\/pages\/244\/revisions"}],"predecessor-version":[{"id":2611,"href":"http:\/\/www.lebendiger-minoritenplatz.de\/index.php?rest_route=\/wp\/v2\/pages\/244\/revisions\/2611"}],"wp:attachment":[{"href":"http:\/\/www.lebendiger-minoritenplatz.de\/index.php?rest_route=%2Fwp%2Fv2%2Fmedia&parent=244"}],"curies":[{"name":"wp","href":"https:\/\/api.w.org\/{rel}","templated":true}]}}