{"id":178,"date":"2023-08-07T17:57:24","date_gmt":"2023-08-07T17:57:24","guid":{"rendered":"http:\/\/www.lebendiger-minoritenplatz.de\/?page_id=178"},"modified":"2026-01-27T11:53:58","modified_gmt":"2026-01-27T11:53:58","slug":"freiwillig","status":"publish","type":"page","link":"http:\/\/www.lebendiger-minoritenplatz.de\/?page_id=178","title":{"rendered":"Mitmachen"},"content":{"rendered":"<div id=\"pl-178\" class=\"panel-layout\">\n<div id=\"pg-178-0\" class=\"panel-grid panel-no-style\">\n<div id=\"pgc-178-0-0\" class=\"panel-grid-cell\" data-weight=\"1\">\n<div id=\"panel-178-0-0-0\" class=\"so-panel widget widget_sow-editor panel-first-child\" data-index=\"0\" data-style=\"{&quot;background_image_attachment&quot;:false,&quot;background_display&quot;:&quot;tile&quot;,&quot;background_image_size&quot;:&quot;full&quot;,&quot;border_thickness&quot;:&quot;1px&quot;}\">\n<div class=\"so-widget-sow-editor so-widget-sow-editor-base\">\n<div class=\"siteorigin-widget-tinymce textwidget\">\n<h2>\u00a0<span style=\"color: #009999;\"><em>Mitmachen beim \u201eLebendigen Minoritenplatz\u201c<\/em><\/span><\/h2>\n<p data-start=\"284\" data-end=\"648\">Du m\u00f6chtest den <strong data-start=\"300\" data-end=\"338\">Minoritenplatz in Neersen lebendig<\/strong> gestalten und die Gemeinschaft aktiv f\u00f6rdern? Dann <strong data-start=\"390\" data-end=\"402\">mach mit<\/strong>! Die B\u00fcrgerinitiative <strong data-start=\"425\" data-end=\"461\">\u201eLebendiger Minoritenplatz\u201c e.V.<\/strong> bietet zahlreiche M\u00f6glichkeiten, dich nach deinen Interessen und deiner verf\u00fcgbaren Zeit einzubringen \u2013 sei es bei der Planung, Organisation oder Umsetzung unserer vielf\u00e4ltigen Projekte.<\/p>\n<h3 data-start=\"650\" data-end=\"669\">Was du bekommst<\/h3>\n<p data-start=\"670\" data-end=\"757\">Unsere Arbeit ist <strong data-start=\"688\" data-end=\"704\">ehrenamtlich<\/strong> \u2013 eine Bezahlung gibt es nicht. Daf\u00fcr erh\u00e4ltst du:<\/p>\n<ul>\n<li data-start=\"760\" data-end=\"799\"><strong data-start=\"760\" data-end=\"777\">Wertsch\u00e4tzung<\/strong> f\u00fcr dein Engagement<\/li>\n<li data-start=\"802\" data-end=\"845\"><strong data-start=\"802\" data-end=\"827\">Neue soziale Kontakte<\/strong> und Begegnungen<\/li>\n<li data-start=\"848\" data-end=\"879\"><strong data-start=\"848\" data-end=\"877\">Aufgaben, die Spa\u00df machen<\/strong><\/li>\n<li data-start=\"882\" data-end=\"940\"><strong data-start=\"882\" data-end=\"938\">Einblicke in die Planung und Umsetzung von Projekten<\/strong><\/li>\n<li data-start=\"943\" data-end=\"998\">Gelegentlich <strong data-start=\"956\" data-end=\"976\">gesellige Abende<\/strong> mit anderen Aktiven<\/li>\n<\/ul>\n<h3 data-start=\"1000\" data-end=\"1026\">Wo du mitwirken kannst<\/h3>\n<p data-start=\"1027\" data-end=\"1342\">Es gibt vielf\u00e4ltige Einsatzbereiche \u2013 f\u00fcr jede*n ist etwas Passendes dabei. Ob Unterst\u00fctzung bei Veranstaltungen, Mitarbeit bei Projekten wie dem <strong data-start=\"1173\" data-end=\"1228\">Nachbarschaftsfest, Pop-up Caf\u00e9 oder Sommeraktionen<\/strong>, oder Ideen f\u00fcr neue Angebote: Jede Initiative tr\u00e4gt direkt zur <strong data-start=\"1293\" data-end=\"1337\">F\u00f6rderung von Begegnung und Gemeinschaft<\/strong> bei.<\/p>\n<h3 data-start=\"1344\" data-end=\"1365\">Besondere Wirkung<\/h3>\n<p data-start=\"1366\" data-end=\"1663\">Ehrenamtliches Engagement bei der B\u00fcrgerinitiative hilft nicht nur der Gemeinschaft, sondern wirkt auch <strong data-start=\"1470\" data-end=\"1493\">Einsamkeit entgegen<\/strong>, verbindet Generationen und schafft neue soziale Netzwerke. Dein Mitwirken tr\u00e4gt direkt dazu bei, dass Neersen ein <strong data-start=\"1609\" data-end=\"1655\">lebendiger und offener Treffpunkt f\u00fcr alle<\/strong> bleibt.<\/p>\n<h3 data-start=\"1665\" data-end=\"1690\">Treffen und Austausch<\/h3>\n<ul>\n<li data-start=\"1693\" data-end=\"1805\"><strong data-start=\"1693\" data-end=\"1710\">Orga-Treffen:<\/strong> meist jeden ersten Dienstag im Monat, 19:15 Uhr, Begegnungsst\u00e4tte Neersen, Minoritenplatz 29<\/li>\n<li data-start=\"1808\" data-end=\"2024\"><strong data-start=\"1808\" data-end=\"1844\">Stammtisch der B\u00fcrgerinitiative:<\/strong> aktuell unregelm\u00e4\u00dfig, da wir dringend engagierte Helfer*innen suchen \u2013 jede Unterst\u00fctzung hilft, die Treffen wieder regelm\u00e4\u00dfig stattfinden zu lassen. Termine auf unserer Webseite.<\/li>\n<\/ul>\n<p data-start=\"2026\" data-end=\"2156\"><strong data-start=\"2026\" data-end=\"2038\">Kontakt:<\/strong><br data-start=\"2038\" data-end=\"2041\" \/>Sprecht uns gerne an oder schreibt eine Email an <strong data-start=\"2090\" data-end=\"2127\">info@lebendiger-minoritenplatz.de<\/strong> \u2013 wir freuen uns auf dich!<\/p>\n<h4><a href=\"http:\/\/www.lebendiger-minoritenplatz.de\/?page_id=182\">Kontakt<\/a><\/h4>\n<h4><a href=\"http:\/\/www.lebendiger-minoritenplatz.de\/wp-content\/uploads\/2024\/09\/2024-09-03_Interesse-und-Mitgliedsantrag_final.pdf\"><strong>Aufnahmeantrag<\/strong><\/a><\/h4>\n<h4><a href=\"http:\/\/www.lebendiger-minoritenplatz.de\/wp-content\/uploads\/2024\/09\/2024-09-03_Datenschutzhinweise_Informationspflichten_final.pdf\"><strong>Datenschutz Informationspflicht<\/strong><\/a><\/h4>\n<p>&nbsp;<\/p>\n<\/div>\n<\/div>\n<\/div>\n<\/div>\n<\/div>\n<\/div>\n","protected":false},"excerpt":{"rendered":"<p>\u00a0Mitmachen beim \u201eLebendigen Minoritenplatz\u201c Du m\u00f6chtest den Minoritenplatz in Neersen lebendig gestalten und die Gemeinschaft aktiv f\u00f6rdern? Dann mach mit! Die B\u00fcrgerinitiative \u201eLebendiger Minoritenplatz\u201c e.V. bietet zahlreiche M\u00f6glichkeiten, dich nach deinen Interessen und deiner verf\u00fcgbaren Zeit einzubringen \u2013 sei es bei der Planung, Organisation oder Umsetzung unserer vielf\u00e4ltigen Projekte. Was du bekommst Unsere Arbeit ist [&hellip;]<\/p>\n","protected":false},"author":1,"featured_media":0,"parent":0,"menu_order":0,"comment_status":"closed","ping_status":"closed","template":"","meta":{"_crdt_document":"","footnotes":""},"class_list":["post-178","page","type-page","status-publish","hentry","post"],"_links":{"self":[{"href":"http:\/\/www.lebendiger-minoritenplatz.de\/index.php?rest_route=\/wp\/v2\/pages\/178","targetHints":{"allow":["GET"]}}],"collection":[{"href":"http:\/\/www.lebendiger-minoritenplatz.de\/index.php?rest_route=\/wp\/v2\/pages"}],"about":[{"href":"http:\/\/www.lebendiger-minoritenplatz.de\/index.php?rest_route=\/wp\/v2\/types\/page"}],"author":[{"embeddable":true,"href":"http:\/\/www.lebendiger-minoritenplatz.de\/index.php?rest_route=\/wp\/v2\/users\/1"}],"replies":[{"embeddable":true,"href":"http:\/\/www.lebendiger-minoritenplatz.de\/index.php?rest_route=%2Fwp%2Fv2%2Fcomments&post=178"}],"version-history":[{"count":42,"href":"http:\/\/www.lebendiger-minoritenplatz.de\/index.php?rest_route=\/wp\/v2\/pages\/178\/revisions"}],"predecessor-version":[{"id":2617,"href":"http:\/\/www.lebendiger-minoritenplatz.de\/index.php?rest_route=\/wp\/v2\/pages\/178\/revisions\/2617"}],"wp:attachment":[{"href":"http:\/\/www.lebendiger-minoritenplatz.de\/index.php?rest_route=%2Fwp%2Fv2%2Fmedia&parent=178"}],"curies":[{"name":"wp","href":"https:\/\/api.w.org\/{rel}","templated":true}]}}